{"id":773,"date":"2018-06-11T08:03:41","date_gmt":"2018-06-11T08:03:41","guid":{"rendered":"http:\/\/shs-alfeld.de\/?page_id=773"},"modified":"2018-06-11T08:03:41","modified_gmt":"2018-06-11T08:03:41","slug":"wie-unsere-schule-zu-ihrem-namen-kam-schulrat-wilhelm-habermalz","status":"publish","type":"page","link":"http:\/\/shs-alfeld.de\/?page_id=773","title":{"rendered":"Wie unsere Schule zu ihrem Namen kam &#8211; Schulrat Wilhelm Habermalz"},"content":{"rendered":"<p><strong><em><a href=\"http:\/\/shs-alfeld.de\/wp-content\/uploads\/2018\/06\/Foto-Habermalz.jpg\"><img decoding=\"async\" loading=\"lazy\" class=\"alignright size-medium wp-image-776\" src=\"http:\/\/shs-alfeld.de\/wp-content\/uploads\/2018\/06\/Foto-Habermalz-209x300.jpg\" alt=\"\" width=\"209\" height=\"300\" srcset=\"http:\/\/shs-alfeld.de\/wp-content\/uploads\/2018\/06\/Foto-Habermalz-209x300.jpg 209w, http:\/\/shs-alfeld.de\/wp-content\/uploads\/2018\/06\/Foto-Habermalz.jpg 414w\" sizes=\"(max-width: 209px) 100vw, 209px\" \/><\/a><\/em><\/strong><\/p>\n<p>Wilhelm Habermalz wurde am 26. September 1876 als Sohn des Formermeisters Wilhelm Habermalz und dessen Ehefrau Dorette (geb. Oppermann) in der Sedanstra\u00dfe 13 geboren. Er bestand im Herbst 1890 die Aufnahmepr\u00fcfung an der Alfelder Pr\u00e4parandenanstalt (untere Stufe der <a href=\"https:\/\/de.wikipedia.org\/wiki\/Volksschullehrer\">Volksschullehrerausbildung<\/a>) und besuchte anschlie\u00dfend drei Jahre lang das heimische Lehrerseminar. Kurz am Progymnasium in Duderstadt t\u00e4tig, holte ihn Wilhelm Heinze nach Alfeld als Pr\u00e4parandenlehrer zur\u00fcck. 1902 bestand Habermalz die Mittelschullehrerpr\u00fcfung und 1905 die Rektorenpr\u00fcfung. Ein einj\u00e4hriger Kursus in Berlin bis 1906 brachte die Voraussetzung f\u00fcr die Ernennung zum Seminarleiter. Als solcher unterrichtete Habermalz 19 Jahre lang P\u00e4dagogik, Franz\u00f6sisch, Chemie, Biologie und Mathematik. Die Aufl\u00f6sung des Lehrerseminars 1925 wurde f\u00fcr Alfeld und damit auch f\u00fcr Wilhelm Habermalz eine schmerzliche Erfahrung. W\u00e4hrend der halbj\u00e4hrigen Wartezeit auf eine neue Anstellung begann er mit den Vorarbeiten f\u00fcr die Geschichte des Alfelder Lehrerseminars, um die er bei der Seminarabschlussfeier von der Lehrerschaft gebeten worden war. Ab Februar 1926 war Habermalz Schulrat des Oberwesterwaldkreises und nach dem Tod des Schulrates Kappey wechselte er 1931 zur\u00fcck in seinen Heimatkreis Alfeld. Die Jahre des 2. Weltkrieges lie\u00dfen seine Pensionierung zur normalen Altersgrenze nicht zu. Erst 1945 trat Wilhelm Habermalz in den Ruhestand und widmete sich fortan der \u201eGeschichte des Alfelder Lehrerseminars\u201c, die dann 1952 erschien.<\/p>\n<p>Habermalz starb am 15. Juli 1957 in seinem 81. Lebensjahr.<\/p>\n<p>Am 19. September desselben Jahres beschloss der Rat der Stadt Alfeld die Schule an der Kalandstra\u00dfe in Erinnerung an den verstorbenen hervorragenden P\u00e4dagogen k\u00fcnftig <em>Schulrat &#8211; Habermalz &#8211; Schule <\/em>zu nennen und w\u00fcrdigte damit dessen gro\u00dfe Verdienste.<\/p>\n<p>&nbsp;<\/p>\n","protected":false},"excerpt":{"rendered":"<p>Wilhelm Habermalz wurde am 26. September 1876 als Sohn des Formermeisters Wilhelm Habermalz und dessen Ehefrau Dorette (geb. Oppermann) in der Sedanstra\u00dfe 13 geboren. Er bestand im Herbst 1890 die Aufnahmepr\u00fcfung an der Alfelder Pr\u00e4parandenanstalt (untere Stufe der Volksschullehrerausbildung) und besuchte anschlie\u00dfend drei Jahre lang das heimische Lehrerseminar. Kurz am Progymnasium in Duderstadt t\u00e4tig, holte &#8230; <a title=\"Wie unsere Schule zu ihrem Namen kam &#8211; Schulrat Wilhelm Habermalz\" class=\"read-more\" href=\"http:\/\/shs-alfeld.de\/?page_id=773\" aria-label=\"Mehr dazu unter Wie unsere Schule zu ihrem Namen kam &#8211; Schulrat Wilhelm Habermalz\">Weiterlesen<\/a><\/p>\n","protected":false},"author":1,"featured_media":0,"parent":10,"menu_order":8,"comment_status":"closed","ping_status":"closed","template":"","meta":[],"_links":{"self":[{"href":"http:\/\/shs-alfeld.de\/index.php?rest_route=\/wp\/v2\/pages\/773"}],"collection":[{"href":"http:\/\/shs-alfeld.de\/index.php?rest_route=\/wp\/v2\/pages"}],"about":[{"href":"http:\/\/shs-alfeld.de\/index.php?rest_route=\/wp\/v2\/types\/page"}],"author":[{"embeddable":true,"href":"http:\/\/shs-alfeld.de\/index.php?rest_route=\/wp\/v2\/users\/1"}],"replies":[{"embeddable":true,"href":"http:\/\/shs-alfeld.de\/index.php?rest_route=%2Fwp%2Fv2%2Fcomments&post=773"}],"version-history":[{"count":1,"href":"http:\/\/shs-alfeld.de\/index.php?rest_route=\/wp\/v2\/pages\/773\/revisions"}],"predecessor-version":[{"id":777,"href":"http:\/\/shs-alfeld.de\/index.php?rest_route=\/wp\/v2\/pages\/773\/revisions\/777"}],"up":[{"embeddable":true,"href":"http:\/\/shs-alfeld.de\/index.php?rest_route=\/wp\/v2\/pages\/10"}],"wp:attachment":[{"href":"http:\/\/shs-alfeld.de\/index.php?rest_route=%2Fwp%2Fv2%2Fmedia&parent=773"}],"curies":[{"name":"wp","href":"https:\/\/api.w.org\/{rel}","templated":true}]}}