{"id":57,"date":"2015-07-06T11:16:44","date_gmt":"2015-07-06T11:16:44","guid":{"rendered":"http:\/\/shs-alfeld.de\/?page_id=57"},"modified":"2024-04-29T10:20:39","modified_gmt":"2024-04-29T10:20:39","slug":"ag-angebote","status":"publish","type":"page","link":"http:\/\/shs-alfeld.de\/?page_id=57","title":{"rendered":"AG-Angebote"},"content":{"rendered":"\n<p><strong>Ganztagsangebot 2. Halbjahr 2023<\/strong>\/24<\/p>\n\n\n\n<p>Dieses Jahr bieten wir am Nachmittag spannende Angebote an. Es sind immer mehrere Kolleg:Innen nachmittags da und betreuen die Sch\u00fcler:Innen. Jeder kann selbst w\u00e4hlen, welches Angebot er\/sie am jeweiligen Tag nutzen m\u00f6chte.<\/p>\n\n\n\n<p><strong>Beispiel<\/strong>: Till hat Hausaufgaben in Englisch. Deshalb geht er zuerst zur Hausaufgabenbetreuung. Nach 20 Minuten ist er fertig und wechselt zu den Fu\u00dfballern. Aber heute ist es zu hei\u00df, deshalb geht er nach einer halben Stunde wieder ins Geb\u00e4ude und singt im Chor mit oder spielt ein Spiel. Andere backen Muffins, n\u00e4hen ein Kuscheltier, drehen einen Film, malen ein Bild, t\u00f6pfern \u2026 Nat\u00fcrlich kann man auch vier Wochen lang immer ins Tonstudio gehen.<\/p>\n\n\n\n<p>Das Angebot kann sich jede Woche \u00e4ndern. Immer freitags ab 12 Uhr werden die Angebote der n\u00e4chsten Woche auf ISERV ver\u00f6ffentlicht. In der 6. Stunde k\u00f6nnen sich die Sch\u00fcler:Innen f\u00fcr Angebote eintragen, an denen nicht beliebig viele Kids teilnehmen k\u00f6nnen. (Beispiel: Koch-AG \u2013 12 Sch\u00fcler \u2013 die betreuende Lehrkraft muss vorher entsprechend einkaufen) ISERV nimmt genau 12 Eintragungen an. Danach ist der Kurs voll. F\u00fcr alle anderen Angebote muss man sich nicht vorher entscheiden, sondern erst am Tag selbst.<\/p>\n\n\n\n<p>Am Nachmittagsangebot kann nur teilnehmen, wer mit Unterschrift der Eltern angemeldet ist. Die Teilnahme ist f\u00fcr ein Halbjahr verpflichtend.<\/p>\n\n\n\n<p>Es gibt jeden Tag: Hausaufgabenbetreuung\/F\u00f6rderunterricht, Sport, Musik, Kreativangebot<\/p>\n","protected":false},"excerpt":{"rendered":"<p>Ganztagsangebot 2. Halbjahr 2023\/24 Dieses Jahr bieten wir am Nachmittag spannende Angebote an. Es sind immer mehrere Kolleg:Innen nachmittags da und betreuen die Sch\u00fcler:Innen. Jeder kann selbst w\u00e4hlen, welches Angebot er\/sie am jeweiligen Tag nutzen m\u00f6chte. Beispiel: Till hat Hausaufgaben in Englisch. Deshalb geht er zuerst zur Hausaufgabenbetreuung. Nach 20 Minuten ist er fertig und &#8230; <a title=\"AG-Angebote\" class=\"read-more\" href=\"http:\/\/shs-alfeld.de\/?page_id=57\" aria-label=\"Mehr dazu unter AG-Angebote\">Weiterlesen<\/a><\/p>\n","protected":false},"author":1,"featured_media":0,"parent":21,"menu_order":1,"comment_status":"closed","ping_status":"closed","template":"","meta":[],"_links":{"self":[{"href":"http:\/\/shs-alfeld.de\/index.php?rest_route=\/wp\/v2\/pages\/57"}],"collection":[{"href":"http:\/\/shs-alfeld.de\/index.php?rest_route=\/wp\/v2\/pages"}],"about":[{"href":"http:\/\/shs-alfeld.de\/index.php?rest_route=\/wp\/v2\/types\/page"}],"author":[{"embeddable":true,"href":"http:\/\/shs-alfeld.de\/index.php?rest_route=\/wp\/v2\/users\/1"}],"replies":[{"embeddable":true,"href":"http:\/\/shs-alfeld.de\/index.php?rest_route=%2Fwp%2Fv2%2Fcomments&post=57"}],"version-history":[{"count":6,"href":"http:\/\/shs-alfeld.de\/index.php?rest_route=\/wp\/v2\/pages\/57\/revisions"}],"predecessor-version":[{"id":1465,"href":"http:\/\/shs-alfeld.de\/index.php?rest_route=\/wp\/v2\/pages\/57\/revisions\/1465"}],"up":[{"embeddable":true,"href":"http:\/\/shs-alfeld.de\/index.php?rest_route=\/wp\/v2\/pages\/21"}],"wp:attachment":[{"href":"http:\/\/shs-alfeld.de\/index.php?rest_route=%2Fwp%2Fv2%2Fmedia&parent=57"}],"curies":[{"name":"wp","href":"https:\/\/api.w.org\/{rel}","templated":true}]}}