{"id":55,"date":"2015-07-06T11:16:20","date_gmt":"2015-07-06T11:16:20","guid":{"rendered":"http:\/\/shs-alfeld.de\/?page_id=55"},"modified":"2015-07-15T10:08:44","modified_gmt":"2015-07-15T10:08:44","slug":"kooperationspartner","status":"publish","type":"page","link":"http:\/\/shs-alfeld.de\/?page_id=55","title":{"rendered":"Kooperationspartner"},"content":{"rendered":"<p><span style=\"text-decoration: underline;\"><span style=\"color: #339966; text-decoration: underline;\">Berufsorientierung<\/span><\/span><br \/>\nOskar K\u00e4mmer Schule<br \/>\nJob Center<br \/>\nAgentur f\u00fcr Arbeit<br \/>\nBBS Alfeld<br \/>\nJump<br \/>\nBIZ<br \/>\nStiftung Niedersachsen Metall<br \/>\nHandwerkskamer Hildesheim<br \/>\nDiakonisches Bildungszentrum<\/p>\n<p><span style=\"text-decoration: underline; color: #339966;\">Pr\u00e4ventionsma\u00dfnahmen<\/span><br \/>\nDrogenberatungsstellen Alfeld und Hildesheim<br \/>\nPolizei Alfeld<br \/>\nPr\u00e4ventionsrat Alfeld<br \/>\nJugendhilfestation S\u00fcd<br \/>\nAsyl e.V.<br \/>\nKontakt e.V. (T\u00e4ter-Opfer-Ausgleich)<\/p>\n<p><span style=\"text-decoration: underline;\"><span style=\"color: #339966; text-decoration: underline;\">Gesundheitsf\u00f6rderung, Bewegung<\/span><\/span><br \/>\n\u2022 Sport und Gesundheitstage der 6. Klassen mit gewerblichen Partnern wie:<br \/>\nTanzstudio Pattke, Zahnarzt, Apotheken, Sportvereinen, DRK, Sanit\u00e4ts-haus und CBRS, Impfberatung<br \/>\n\u2022 Senioren Akademie Alfeld (Mensa)<br \/>\n\u2022 Polizei\/Pr\u00e4ventionsbeauftragte (Hi)<br \/>\n\u2022 AWO<br \/>\n\u2022 Ornithologischer Verein Hildesheim<br \/>\n\u2022 Paul-Feindt-Stiftung<br \/>\n\u2022 BUND<br \/>\n\u2022 Oase Heilig Kreuz<br \/>\n\u2022 \u00dcWL<br \/>\n\u2022 Sportvereine, Reit- und Fahrverein<br \/>\n\u2022 Landesvereinigung f\u00fcr Gesundheit, Akademie f\u00fcr Sozialmedizin e.V.<\/p>\n<p><span style=\"text-decoration: underline; color: #339966;\">F\u00f6rderung und Unterst\u00fctzung<\/span><br \/>\nSenioren-Akademie Alfeld<br \/>\nSeniorenb\u00fcro Alfeld<br \/>\nMarianne Tewes Stiftung<br \/>\nB\u00fcrgerstiftung Alfeld<br \/>\nJugendhilfestation S\u00fcd<br \/>\nBildungs- und Teilhabepaket: Job Center, Landkreis<br \/>\nAWO Jugendmigrationsdienst<br \/>\nParkresidenz<br \/>\nMehrgenerationentreff \u201eKleine Kneipe\u201c<br \/>\nAWA Couvert<\/p>\n<p><span style=\"text-decoration: underline; color: #339966;\">Musisch-kulturelle Bildung<\/span><br \/>\nGerhard-Most-Musikschule, Alfeld<br \/>\nStadtb\u00fccherei Alfeld<br \/>\nHeimatmuseum Alfeld<br \/>\nLandesmusikrat<br \/>\nStadtjugendring<br \/>\nLAG Jazz Hannover<br \/>\nBuchhandlung Pallas<br \/>\nVolkshochschule<\/p>\n","protected":false},"excerpt":{"rendered":"<p>Berufsorientierung Oskar K\u00e4mmer Schule Job Center Agentur f\u00fcr Arbeit BBS Alfeld Jump BIZ Stiftung Niedersachsen Metall Handwerkskamer Hildesheim Diakonisches Bildungszentrum Pr\u00e4ventionsma\u00dfnahmen Drogenberatungsstellen Alfeld und Hildesheim Polizei Alfeld Pr\u00e4ventionsrat Alfeld Jugendhilfestation S\u00fcd Asyl e.V. Kontakt e.V. (T\u00e4ter-Opfer-Ausgleich) Gesundheitsf\u00f6rderung, Bewegung \u2022 Sport und Gesundheitstage der 6. Klassen mit gewerblichen Partnern wie: Tanzstudio Pattke, Zahnarzt, Apotheken, Sportvereinen, DRK, &#8230; <a title=\"Kooperationspartner\" class=\"read-more\" href=\"http:\/\/shs-alfeld.de\/?page_id=55\" aria-label=\"Mehr dazu unter Kooperationspartner\">Weiterlesen<\/a><\/p>\n","protected":false},"author":1,"featured_media":0,"parent":19,"menu_order":4,"comment_status":"closed","ping_status":"closed","template":"","meta":[],"_links":{"self":[{"href":"http:\/\/shs-alfeld.de\/index.php?rest_route=\/wp\/v2\/pages\/55"}],"collection":[{"href":"http:\/\/shs-alfeld.de\/index.php?rest_route=\/wp\/v2\/pages"}],"about":[{"href":"http:\/\/shs-alfeld.de\/index.php?rest_route=\/wp\/v2\/types\/page"}],"author":[{"embeddable":true,"href":"http:\/\/shs-alfeld.de\/index.php?rest_route=\/wp\/v2\/users\/1"}],"replies":[{"embeddable":true,"href":"http:\/\/shs-alfeld.de\/index.php?rest_route=%2Fwp%2Fv2%2Fcomments&post=55"}],"version-history":[{"count":4,"href":"http:\/\/shs-alfeld.de\/index.php?rest_route=\/wp\/v2\/pages\/55\/revisions"}],"predecessor-version":[{"id":83,"href":"http:\/\/shs-alfeld.de\/index.php?rest_route=\/wp\/v2\/pages\/55\/revisions\/83"}],"up":[{"embeddable":true,"href":"http:\/\/shs-alfeld.de\/index.php?rest_route=\/wp\/v2\/pages\/19"}],"wp:attachment":[{"href":"http:\/\/shs-alfeld.de\/index.php?rest_route=%2Fwp%2Fv2%2Fmedia&parent=55"}],"curies":[{"name":"wp","href":"https:\/\/api.w.org\/{rel}","templated":true}]}}