{"id":53,"date":"2015-07-06T11:15:58","date_gmt":"2015-07-06T11:15:58","guid":{"rendered":"http:\/\/shs-alfeld.de\/?page_id=53"},"modified":"2015-12-03T09:45:46","modified_gmt":"2015-12-03T09:45:46","slug":"beratung-und-praevention","status":"publish","type":"page","link":"http:\/\/shs-alfeld.de\/?page_id=53","title":{"rendered":"Unsere Umweltleitlinien"},"content":{"rendered":"<p>Die Schulrat-Habermalz-Schule setzt sich f\u00fcr einen sparsamen Umgang mit Ressourcen und f\u00fcr Nachhaltigkeit ein. Durch energiesparendes und umweltbewusstes Verhalten aller im Schulbetrieb Beteiligten wollen wir Kosten senken. Wir m\u00f6chten die gesamte Schulgemeinschaft zu einem verantwortungsvollen Umgang mit der Umwelt und einem verantwortungsvollen Verhalten gegen\u00fcber den Menschen in der so genannten 3. Welt sensibilisieren. Dies m\u00f6chten wir durch Information und Transparenz erreichen.<\/p>\n<p><strong>Unsere Umwelttipps<\/strong><\/p>\n<p>Folgende Umwelttipps haben die Klassen f\u00fcr unsere Schule erarbeitet. Wir werden diese in einem Leitfaden zusammenfassen und als Grundlage f\u00fcr unser \u00f6kologisches Verhalten in der Zukunft machen.<\/p>\n<p>Pflanzen sind wichtig f\u00fcr das Klima. Wir achten deshalb auf die B\u00e4ume und Str\u00e4ucher in unserem Pausenhof, betreten die Gr\u00fcnanlage nicht und brechen keine Zweige ab.<\/p>\n<p>Wir l\u00fcften bei Stundenwechsel 5 Minuten lang und w\u00e4hrend der Pausen.<\/p>\n<p>Wir drehen den Heizk\u00f6rper ab, der unter dem Fenster sitzt, das wir \u00f6ffnen.<\/p>\n<p>Wir vermeiden nach M\u00f6glichkeit den Einsatz von\u00a0&#8222;Stromfressern\u201c.<\/p>\n<p>Wir ersetzen Gl\u00fchlampen durch Energiesparlampen.<\/p>\n<p>Zur Vermeidung unbemerkten Stromverbrauchs verwenden wir ausschaltbare Steckdosenleisten.<\/p>\n<p>Bei ausreichendem Tageslicht kann das elektrische Licht auch ausgeschaltet bleiben.<\/p>\n<p>Im Alltag denken wir an stromlose Alternativen und verzichten auch einmal auf Annehmlichkeiten\u00a0 (z.B. Handzahnb\u00fcrste statt elektrische, W\u00e4sche aufh\u00e4ngen statt Trockner &#8230;).<\/p>\n<p>Wie w\u00e4re es mal mit einem Tag ohne elektronisches Spielzeug\/Unterhaltungsmedien?<\/p>\n<p>Wir versuchen M\u00fcll zu vermeiden (Pausenbrot in Brotbox, Getr\u00e4nk in Trinkflasche)<\/p>\n<p>Wenn\u00a0M\u00fcll anf\u00e4llt, sortieren wir ihn in die richtigen M\u00fcllbeh\u00e4lter.<\/p>\n<p>Wir werfen keinen M\u00fcll auf den Boden, auch nicht auf dem Pausenhof oder in der Natur.<\/p>\n<p>Wir achten beim Kauf auf Produkte, die aus recycelten Materialien hergestellt wurden.<\/p>\n<p>Alte und kaputte Stifte sammeln wir, damit sie recycelt werden k\u00f6nnen.<\/p>\n","protected":false},"excerpt":{"rendered":"<p>Die Schulrat-Habermalz-Schule setzt sich f\u00fcr einen sparsamen Umgang mit Ressourcen und f\u00fcr Nachhaltigkeit ein. Durch energiesparendes und umweltbewusstes Verhalten aller im Schulbetrieb Beteiligten wollen wir Kosten senken. Wir m\u00f6chten die gesamte Schulgemeinschaft zu einem verantwortungsvollen Umgang mit der Umwelt und einem verantwortungsvollen Verhalten gegen\u00fcber den Menschen in der so genannten 3. Welt sensibilisieren. Dies m\u00f6chten &#8230; <a title=\"Unsere Umweltleitlinien\" class=\"read-more\" href=\"http:\/\/shs-alfeld.de\/?page_id=53\" aria-label=\"Mehr dazu unter Unsere Umweltleitlinien\">Weiterlesen<\/a><\/p>\n","protected":false},"author":1,"featured_media":0,"parent":19,"menu_order":3,"comment_status":"closed","ping_status":"closed","template":"","meta":[],"_links":{"self":[{"href":"http:\/\/shs-alfeld.de\/index.php?rest_route=\/wp\/v2\/pages\/53"}],"collection":[{"href":"http:\/\/shs-alfeld.de\/index.php?rest_route=\/wp\/v2\/pages"}],"about":[{"href":"http:\/\/shs-alfeld.de\/index.php?rest_route=\/wp\/v2\/types\/page"}],"author":[{"embeddable":true,"href":"http:\/\/shs-alfeld.de\/index.php?rest_route=\/wp\/v2\/users\/1"}],"replies":[{"embeddable":true,"href":"http:\/\/shs-alfeld.de\/index.php?rest_route=%2Fwp%2Fv2%2Fcomments&post=53"}],"version-history":[{"count":4,"href":"http:\/\/shs-alfeld.de\/index.php?rest_route=\/wp\/v2\/pages\/53\/revisions"}],"predecessor-version":[{"id":120,"href":"http:\/\/shs-alfeld.de\/index.php?rest_route=\/wp\/v2\/pages\/53\/revisions\/120"}],"up":[{"embeddable":true,"href":"http:\/\/shs-alfeld.de\/index.php?rest_route=\/wp\/v2\/pages\/19"}],"wp:attachment":[{"href":"http:\/\/shs-alfeld.de\/index.php?rest_route=%2Fwp%2Fv2%2Fmedia&parent=53"}],"curies":[{"name":"wp","href":"https:\/\/api.w.org\/{rel}","templated":true}]}}