{"id":47,"date":"2015-07-06T11:14:52","date_gmt":"2015-07-06T11:14:52","guid":{"rendered":"http:\/\/shs-alfeld.de\/?page_id=47"},"modified":"2023-09-07T06:19:15","modified_gmt":"2023-09-07T06:19:15","slug":"geschichte","status":"publish","type":"page","link":"http:\/\/shs-alfeld.de\/?page_id=47","title":{"rendered":"Informationen zur Schule"},"content":{"rendered":"<p>Die Schulrat-Habermalz-Hauptschule ist die einzige selbst\u00e4ndige Hauptschule im Landkreis Hildesheim.<\/p>\n<p>Unser Sch\u00fclerinnen und Sch\u00fcler kommen von den drei Alfelder Grundschulen zu uns, aber auch aus den Samtgemeinden Sibbesse, Freden, Delligsen und Gronau.<\/p>\n<p>Wir verf\u00fcgen \u00fcber ein gro\u00dfes Gel\u00e4nde mit Sporthallen, Fitnessraum und Sportplatz. Auch das Schulgeb\u00e4ude selbst bietet viel Raum und erm\u00f6glicht durch das gro\u00dfz\u00fcgige Forum mit B\u00fchne vielf\u00e4ltige Aktivit\u00e4ten.<\/p>\n<p>Das Lehrerzimmer wurde 2013 renoviert und mit einem eigenen Arbeitsplatz f\u00fcr jede Lehrkraft ausgestattet. Wichtig war dem Kollegium dabei, ausreichend f\u00fcr Besprechungen in unterschiedlich gro\u00dfen Gruppen zur Verf\u00fcgung zu haben.<\/p>\n<p>Unser offenes Ganztagsangebot (seit 2012) deckt f\u00fcr alle Klassenstufen den F\u00f6rderunterricht in den drei Hauptf\u00e4chern Deutsch, Mathematik und Englisch ab. In den Jahrg\u00e4ngen 9 und 10 gibt es spezielle Angebote zur Pr\u00fcfungsvorbereitung.<\/p>\n<p>Mit der Nikulka-Sporthalle, der Gymnastikhalle, dem Sportplatz mit Laufbahn und Sandgrube auf dem eigenen Gel\u00e4nde und dem Fitnessraum ist die SHS f\u00fcr vielf\u00e4ltige sportliche Aktivit\u00e4ten ausgestattet. Neben Arbeitsgemeinschaften im Ganztagsangebot finden auch Sporttage und andere bewegungsintensive Aktivit\u00e4ten statt. 2013 konnten (gemeinsam mit der Realschule) Spinning Bikes angeschafft und die Sportkollegen entsprechend ausgebildet werden. 2014 wurden weitere Fitnessger\u00e4te angeschafft, die besonders in den Jahrg\u00e4ngen 9 und 10 genutzt werden. Schwimmunterricht findet im \u201e7 Berge Bad\u201c statt. Bei Bedarf nutzen wir die Sporthallen der BBS, der CBRS und den Sportplatz des TSV Alfeld.<\/p>\n<p>Im Schuljahr 2013\/2014 beteiligte sich die SHS, gemeinsam mit den anderen weiterf\u00fchrenden Schulen in Alfeld am Projekt \u201e\u00d6koprofit\u201c des Landkreises, in dessen Zusammenhang energiesparende Leuchtmittel eingesetzt wurden, aber auch der Umgang mit M\u00fcll und anderen Ressourcen in der Schule noch einmal offensiv diskutiert und in Ma\u00dfnahmen umgesetzt wurde.<\/p>\n<p>Die SHS erhielt zu Beginn des Schuljahres 2012\/2013 die Genehmigung zur offenen Ganztagsschule. Zeitgleich wurde mit dem Bau einer Mensa\/Cafeteria begonnen, die im Fr\u00fchjahr 2013 in Betrieb gehen konnte.<\/p>\n<p>Alle Fachr\u00e4ume sind angemessen und gr\u00f6\u00dftenteils f\u00fcr digitalen Unterricht ausgestattet. Ein Tonstudio f\u00fcr professionelle Aufnahmen von Musik undTexten erg\u00e4nzt das f\u00e4cher\u00fcbergrifende Angebot. Im Technikbereich warten 3-D-Drucker auf den Einsatz durch die Sch\u00fclerinnen und Sch\u00fcler. Im Freizeitraum stehen neben B\u00fcchern auch Kicker, Billard, Dart und Air Hockey zur Verf\u00fcgung.<\/p>\n<p>Wir legen gro\u00dfen Wert auf Kontinuit\u00e4t und versuchen dies beim Lehrereinsatz zu ber\u00fccksichtigen.<\/p>\n<p>In den Jahrg\u00e4ngen 9 und 10 werden Deutsch und Englisch in E- und G-Kursen unterrichtet. Wahlpflichtkurse (Technik, Hauswirtschaft, IT, Gestaltendes Werken, Textiles Gestalten etc.) werden ab Jahrgang 6 zur Orientierung angeboten. Ab Jahrgang 8 sollen die Sch\u00fclerinnen und Sch\u00fcler m\u00f6glichst in den von ihnen gew\u00e4hlten Bereichen verbleiben und ihre Kenntnisse im Hinblick auf die Berufsvorbereitung in einem Fachbereich vertiefen.<\/p>\n<p>Die Berufsvorbereitung nimmt ab Jahrgang 8 einen gro\u00dfen Stellenwert ein. Hierf\u00fcr existiert ein umfangreiches Konzept, das sicherstellen soll, dass wir alle unsere Sch\u00fclerinnen und Sch\u00fcler in eine schulische oder berufliche Ausbildung \u00fcbergeben k\u00f6nnen. Dazu arbeiten wir mit vielen Kooperationspartnern zusammen.<\/p>\n<p>Gleichzeitig ist es uns ein wichtiges Anliegen, unsere Sch\u00fclerinnen und Sch\u00fcler mit den erforderlichen sozialen Kompetenzen auszustatten und ihnen ethische und kulturelle Werte mit auf den Lebensweg zu geben.<\/p>\n<p>Die Arbeit der Schulsozialp\u00e4dagogin ist an vielen Stellen mit dem schulischen Alltag verzahnt, z.B. in der regelm\u00e4\u00dfigen Betreuung der einzelnen Klassen als Pr\u00e4ventionsma\u00dfnahme im Sozialtraining. Konfliktschlichtung, Mediation, Beratung und Betreuung nehmen ebenfalls einen breiten Raum ein und unterst\u00fctzen die Sch\u00fclerinnen und Sch\u00fcler dabei, ihre Sozialkompetenzen zu trainieren und zu erweitern.<\/p>\n<p>Pr\u00e4ventiv wirken wir dem Absentismus entgegen, indem alle Kolleginnen und Kollegen und fehlende Sch\u00fclerinnen und Sch\u00fcler im Sekretariat melden. Die Sekret\u00e4rin nimmt umgehend Kontakt zu den Erziehungsberechtigten auf, wenn keine Krankmeldung erfolgt. Seither konnte die Zahl der Schulschw\u00e4nzer verringert und die Anzahl der Eltern, die ihre Kinder morgens krank melden, deutlich erh\u00f6ht werden. Parallel nehmen wir am Absentismusprogramm des Landkreises teil.<\/p>\n<p>W\u00e4hrend der Unterrichtszeit sorgt eine Liste \u00fcber die Belegung der beiden Sanit\u00e4tsr\u00e4ume f\u00fcr eine weitere Kontrolle.<\/p>\n<p>Ein in allen Gremien abgestimmtes Sanktionenprogramm unterst\u00fctzt die Einhaltung der Schulordnung.<\/p>\n<p>In der Lehramtsausbildung ist die SHS einerseits durch das Anbieten von Praktikumspl\u00e4tzen aktiv, andererseits wird immer mindestens ein Anw\u00e4rter ausgebildet, meistens sind es jedoch zwei.<\/p>\n","protected":false},"excerpt":{"rendered":"<p>Die Schulrat-Habermalz-Hauptschule ist die einzige selbst\u00e4ndige Hauptschule im Landkreis Hildesheim. Unser Sch\u00fclerinnen und Sch\u00fcler kommen von den drei Alfelder Grundschulen zu uns, aber auch aus den Samtgemeinden Sibbesse, Freden, Delligsen und Gronau. Wir verf\u00fcgen \u00fcber ein gro\u00dfes Gel\u00e4nde mit Sporthallen, Fitnessraum und Sportplatz. Auch das Schulgeb\u00e4ude selbst bietet viel Raum und erm\u00f6glicht durch das gro\u00dfz\u00fcgige &#8230; <a title=\"Informationen zur Schule\" class=\"read-more\" href=\"http:\/\/shs-alfeld.de\/?page_id=47\" aria-label=\"Mehr dazu unter Informationen zur Schule\">Weiterlesen<\/a><\/p>\n","protected":false},"author":1,"featured_media":0,"parent":10,"menu_order":5,"comment_status":"closed","ping_status":"closed","template":"","meta":[],"_links":{"self":[{"href":"http:\/\/shs-alfeld.de\/index.php?rest_route=\/wp\/v2\/pages\/47"}],"collection":[{"href":"http:\/\/shs-alfeld.de\/index.php?rest_route=\/wp\/v2\/pages"}],"about":[{"href":"http:\/\/shs-alfeld.de\/index.php?rest_route=\/wp\/v2\/types\/page"}],"author":[{"embeddable":true,"href":"http:\/\/shs-alfeld.de\/index.php?rest_route=\/wp\/v2\/users\/1"}],"replies":[{"embeddable":true,"href":"http:\/\/shs-alfeld.de\/index.php?rest_route=%2Fwp%2Fv2%2Fcomments&post=47"}],"version-history":[{"count":3,"href":"http:\/\/shs-alfeld.de\/index.php?rest_route=\/wp\/v2\/pages\/47\/revisions"}],"predecessor-version":[{"id":1444,"href":"http:\/\/shs-alfeld.de\/index.php?rest_route=\/wp\/v2\/pages\/47\/revisions\/1444"}],"up":[{"embeddable":true,"href":"http:\/\/shs-alfeld.de\/index.php?rest_route=\/wp\/v2\/pages\/10"}],"wp:attachment":[{"href":"http:\/\/shs-alfeld.de\/index.php?rest_route=%2Fwp%2Fv2%2Fmedia&parent=47"}],"curies":[{"name":"wp","href":"https:\/\/api.w.org\/{rel}","templated":true}]}}