{"id":198,"date":"2017-02-02T11:13:36","date_gmt":"2017-02-02T11:13:36","guid":{"rendered":"http:\/\/shs-alfeld.de\/?page_id=198"},"modified":"2017-02-02T11:13:36","modified_gmt":"2017-02-02T11:13:36","slug":"berufsorientierung-an-der-shs-zeitrahmen","status":"publish","type":"page","link":"http:\/\/shs-alfeld.de\/?page_id=198","title":{"rendered":"Berufsorientierung an der SHS (Zeitrahmen)"},"content":{"rendered":"<p><strong><u>Berufsorientierung an der Schulrat-Habermalz-Schule (Zeitrahmen)<\/u><\/strong><\/p>\n<p>&nbsp;<\/p>\n<table>\n<tbody>\n<tr>\n<td width=\"417\"><strong>Klasse 7<\/strong><\/td>\n<td width=\"226\">Tage<\/td>\n<\/tr>\n<tr>\n<td width=\"417\">Zukunftstag<\/td>\n<td width=\"226\">1<\/td>\n<\/tr>\n<tr>\n<td width=\"417\">Betriebserkundung in der Schulrat-Habermalz -Schule\u00a0 ( Mensa )<\/p>\n<p>Vorbereitung, Durchf\u00fchrung, Nachbereitung<\/td>\n<td width=\"226\">2<\/td>\n<\/tr>\n<tr>\n<td width=\"417\">Arbeitsplatzerkundung in der Schulrat-Habermalz -Schule\u00a0 (Hausmeister, Sekret\u00e4rin,Lehrer usw.)<\/p>\n<p>Vorbereitung, Durchf\u00fchrung, Nachbereitung<\/td>\n<td width=\"226\">2<\/td>\n<\/tr>\n<tr>\n<td width=\"417\">Erstellung eines Berufswahlpassordners im Internet (Jump)<\/td>\n<td width=\"226\">1<\/td>\n<\/tr>\n<tr>\n<td width=\"417\">Einf\u00fchrung<\/td>\n<td width=\"226\">1<\/td>\n<\/tr>\n<tr>\n<td width=\"417\">Interessenerfassung<\/td>\n<td width=\"226\">&nbsp;<\/td>\n<\/tr>\n<tr>\n<td width=\"417\">Fachunterricht\u00a0 Wirtschaft<\/td>\n<td width=\"226\">&nbsp;<\/td>\n<\/tr>\n<tr>\n<td width=\"417\">\u00a0\u00a0\u00a0\u00a0 Arbeitnehmer<\/td>\n<td width=\"226\">3<\/td>\n<\/tr>\n<tr>\n<td width=\"417\">\u00a0\u00a0\u00a0\u00a0 Angestellte und Selbst\u00e4ndige<\/td>\n<td width=\"226\">&nbsp;<\/td>\n<\/tr>\n<tr>\n<td width=\"417\">\u00a0\u00a0\u00a0\u00a0 Ursprung unserer Berufe<\/td>\n<td width=\"226\">&nbsp;<\/td>\n<\/tr>\n<tr>\n<td width=\"417\">\u00a0\u00a0\u00a0\u00a0 Automation<\/td>\n<td width=\"226\">&nbsp;<\/td>\n<\/tr>\n<tr>\n<td width=\"417\">\u00a0\u00a0\u00a0 Arbeitsteilung<\/td>\n<td width=\"226\">&nbsp;<\/td>\n<\/tr>\n<tr>\n<td width=\"417\"><strong>\u00a0<\/strong><\/td>\n<td width=\"226\"><strong>Se.: 10 Tage<\/strong><\/td>\n<\/tr>\n<tr>\n<td width=\"417\"><strong>\u00a0\u00a0\u00a0\u00a0\u00a0\u00a0\u00a0\u00a0\u00a0\u00a0\u00a0\u00a0\u00a0\u00a0\u00a0\u00a0\u00a0\u00a0\u00a0\u00a0\u00a0\u00a0\u00a0\u00a0\u00a0\u00a0\u00a0\u00a0\u00a0\u00a0\u00a0\u00a0\u00a0\u00a0\u00a0\u00a0 Klasse 8<\/strong><\/td>\n<td width=\"226\">&nbsp;<\/td>\n<\/tr>\n<tr>\n<td width=\"417\"><u>Kompetenzfeststellungsverfahren nach Hamet<\/u><\/p>\n<p>&nbsp;<\/td>\n<td width=\"226\">2<\/td>\n<\/tr>\n<tr>\n<td width=\"417\">Interessenerfassung am PC, Auswertung durch geschulte Fachlehrer der BBS<\/td>\n<td width=\"226\">2<\/td>\n<\/tr>\n<tr>\n<td width=\"417\">zweit\u00e4giger Test handwerklicher F\u00e4higkeiten an der BBS, Auswertung<\/td>\n<td width=\"226\">2<\/td>\n<\/tr>\n<tr>\n<td width=\"417\">Abschlussgespr\u00e4ch mit den Sch\u00fclern und Erziehungsberechtigten<\/td>\n<td width=\"226\">1<\/td>\n<\/tr>\n<tr>\n<td width=\"417\">mehrst\u00fcndiger Test zur Sozialkompetenz (Gruppenaufgabe) in der SHS, Auswertung durch Lehrkr\u00e4fte unserer Schule,<\/p>\n<p>Abschlussgespr\u00e4ch nur mit den Sch\u00fclern<\/td>\n<td width=\"226\">1<\/td>\n<\/tr>\n<tr>\n<td width=\"417\">Jump: Start-IT-Training<\/td>\n<td width=\"226\">1<\/td>\n<\/tr>\n<tr>\n<td width=\"417\">\u00a0\u00a0\u00a0\u00a0\u00a0\u00a0\u00a0\u00a0\u00a0\u00a0 Erster Eindruck<\/td>\n<td width=\"226\">1<\/td>\n<\/tr>\n<tr>\n<td width=\"417\">Zweit\u00e4giges Schnupperpraktikum an der BBS<\/td>\n<td width=\"226\">2<\/td>\n<\/tr>\n<tr>\n<td width=\"417\">\u00a0\u00a0\u00a0 Nachbereitung<\/td>\n<td width=\"226\">1<\/td>\n<\/tr>\n<tr>\n<td width=\"417\">Fachunterricht\u00a0 Wirtschaft<\/td>\n<td width=\"226\">5<\/td>\n<\/tr>\n<tr>\n<td width=\"417\">Fachunterricht\u00a0 Technik<\/td>\n<td width=\"226\">5<\/td>\n<\/tr>\n<tr>\n<td width=\"417\">Fachunterricht\u00a0 Deutsch<\/td>\n<td width=\"226\">5<\/td>\n<\/tr>\n<tr>\n<td width=\"417\">Fachunterricht\u00a0 Hauswirtschaft5<\/td>\n<td width=\"226\">5<\/td>\n<\/tr>\n<tr>\n<td width=\"417\">Zweiw\u00f6chiges Betriebspraktikum<\/td>\n<td width=\"226\"><strong>10<\/strong><\/td>\n<\/tr>\n<tr>\n<td width=\"417\">&nbsp;<\/td>\n<td width=\"226\"><strong>Se.:\u00a0 43 Tage<\/strong><\/td>\n<\/tr>\n<tr>\n<td width=\"417\"><strong>\u00a0\u00a0\u00a0\u00a0\u00a0\u00a0\u00a0\u00a0\u00a0\u00a0\u00a0\u00a0\u00a0\u00a0\u00a0\u00a0\u00a0\u00a0\u00a0\u00a0\u00a0\u00a0\u00a0\u00a0\u00a0\u00a0\u00a0\u00a0\u00a0\u00a0\u00a0\u00a0\u00a0\u00a0\u00a0 Klasse \u00a09<\/strong><\/td>\n<td width=\"226\">&nbsp;<\/td>\n<\/tr>\n<tr>\n<td width=\"417\"><u>Praktikum<\/u><\/p>\n<p>Vorbereitung<\/p>\n<p>Durchf\u00fchrung<\/p>\n<p>Nachbereitung<\/p>\n<p>(Praktikumsbericht,<\/p>\n<p>Dokumentation und Pr\u00e4sentation,<\/p>\n<p>Praktikumsausstellung)<\/td>\n<td width=\"226\">&nbsp;<\/p>\n<p>&nbsp;<\/p>\n<p><strong>18<\/strong><\/td>\n<\/tr>\n<tr>\n<td width=\"417\">Rechte und Pflichten in der Berufsausbildung<\/td>\n<td width=\"226\">1<\/td>\n<\/tr>\n<tr>\n<td width=\"417\">Bewerbungstraining<\/p>\n<p>Jump: SELFmarketing<\/p>\n<p>NET-Training<\/td>\n<td width=\"226\">2<\/p>\n<p>&nbsp;<\/td>\n<\/tr>\n<tr>\n<td width=\"417\">Beratungstage:<\/p>\n<p>Individuelle Berufsberatung<\/td>\n<td width=\"226\">1<\/td>\n<\/tr>\n<tr>\n<td width=\"417\">Besuch im BIZ<\/td>\n<td width=\"226\">1<\/td>\n<\/tr>\n<tr>\n<td width=\"417\"><u>Einstellungstesttraining<\/u> einschl. Vorbereitung<\/p>\n<p>Bewerbung f\u00fcr einen<\/p>\n<p>Ausbildungsplatz<\/p>\n<p>(f\u00e4cher\u00fcbergreifend \u2013 einschl. Internetrecherche<\/td>\n<td width=\"226\">1<\/td>\n<\/tr>\n<tr>\n<td width=\"417\"><u>Betriebserkundung <\/u><\/p>\n<p>Vorbereitung, Durchf\u00fchrung, Nachbereitung<\/td>\n<td width=\"226\">2<\/td>\n<\/tr>\n<tr>\n<td width=\"417\"><u>Der Berufsberater informiert<\/u><\/p>\n<p>Vorbereitung, Durchf\u00fchrung, Nachbereitung<\/td>\n<td width=\"226\">1<\/td>\n<\/tr>\n<tr>\n<td width=\"417\"><u>Berufsberatung<\/u><\/p>\n<p>Verpflichtende Einzelgespr\u00e4che,<\/p>\n<p>Nachbereitung<\/td>\n<td width=\"226\">1<\/td>\n<\/tr>\n<tr>\n<td width=\"417\">Internetrecherche Ausbildungspl\u00e4tze und Betriebe<\/td>\n<td width=\"226\">1<\/td>\n<\/tr>\n<tr>\n<td width=\"417\">Das Jugendarbeitsschutzgesetz<\/td>\n<td width=\"226\">1<\/td>\n<\/tr>\n<tr>\n<td width=\"417\"><u>Tarifverhandlungen<\/u><\/p>\n<p>Gerechter Lohn?<\/p>\n<p>Tarifvertr\u00e4ge \u2013 Tarifverhandlungen<\/td>\n<td width=\"226\">5<\/td>\n<\/tr>\n<tr>\n<td width=\"417\">Ausbildungsvertrag und Ausbildungsordnung<\/td>\n<td width=\"226\">1<\/td>\n<\/tr>\n<tr>\n<td width=\"417\">\u00a0 <u>Private Absicherung<\/u><\/p>\n<p>Mein pers\u00f6nliches Vorsorgekonzept<\/p>\n<p><strong>Expertenbefragung<\/strong> mit einem selbst\u00e4ndig entwickelten Interview vorbereiten,durchf\u00fchren und auswerten<\/td>\n<td width=\"226\">3<\/td>\n<\/tr>\n<tr>\n<td width=\"417\">&nbsp;<\/td>\n<td width=\"226\"><strong>Se.: 39 Tage<\/strong><\/td>\n<\/tr>\n<tr>\n<td width=\"417\"><strong><u>\u00a0\u00a0\u00a0\u00a0\u00a0\u00a0\u00a0\u00a0\u00a0\u00a0\u00a0\u00a0\u00a0\u00a0\u00a0\u00a0\u00a0\u00a0\u00a0\u00a0\u00a0\u00a0\u00a0\u00a0\u00a0\u00a0\u00a0\u00a0\u00a0\u00a0\u00a0\u00a0\u00a0\u00a0\u00a0\u00a0\u00a0\u00a0\u00a0\u00a0\u00a0\u00a0\u00a0 Klasse 10<\/u><\/strong><\/td>\n<td width=\"226\">&nbsp;<\/td>\n<\/tr>\n<tr>\n<td width=\"417\"><u>Praktikum<\/u><\/p>\n<p>Vorbereitung<\/p>\n<p>Durchf\u00fchrung<\/p>\n<p>Nachbereitung<\/p>\n<p>(Praktikumsbericht,<\/p>\n<p>Dokumentation und Pr\u00e4sentation,<\/p>\n<p>Praktikumsausstellung)<\/td>\n<td width=\"226\">15<\/td>\n<\/tr>\n<tr>\n<td width=\"417\">Rechte und Pflichten in der Berufsausbildung<\/td>\n<td width=\"226\">2<\/td>\n<\/tr>\n<tr>\n<td width=\"417\">Bewerbungstraining<\/td>\n<td width=\"226\">1<\/td>\n<\/tr>\n<tr>\n<td width=\"417\">Bewerbung f\u00fcr einen<\/p>\n<p>Ausbildungsplatz<\/p>\n<p>(f\u00e4cher\u00fcbergreifend \u2013 einschl. Internetrecherche)<\/td>\n<td width=\"226\">2<\/td>\n<\/tr>\n<tr>\n<td width=\"417\">Beratungstage:<\/p>\n<p>Individuelle Berufsberatung<\/td>\n<td width=\"226\">2<\/td>\n<\/tr>\n<tr>\n<td width=\"417\">Einstellungstesttraining einschl. Vorbereitung (Oskar- K\u00e4mmer-Schule)<\/td>\n<td width=\"226\">1<\/td>\n<\/tr>\n<tr>\n<td width=\"417\"><u>Betriebserkundung <\/u><\/p>\n<p>Vorbereitung, Durchf\u00fchrung, Nachbereitung<\/td>\n<td width=\"226\">2<\/td>\n<\/tr>\n<tr>\n<td width=\"417\"><u>Der Berufsberater informiert<\/u><\/p>\n<p>Vorbereitung, Durchf\u00fchrung, Nachbereitung<\/td>\n<td width=\"226\">2<\/td>\n<\/tr>\n<tr>\n<td width=\"417\"><u>Berufsberatung<\/u><\/p>\n<p>Verpflichtende Einzelgespr\u00e4che,<\/p>\n<p>Nachbereitung<\/td>\n<td width=\"226\">1<\/td>\n<\/tr>\n<tr>\n<td width=\"417\">Internetrecherche Ausbildungspl\u00e4tze und Betriebe<\/td>\n<td width=\"226\">2<\/td>\n<\/tr>\n<tr>\n<td width=\"417\"><u>Tarifverhandlungen<\/u><\/p>\n<p>Gerechter Lohn?<\/p>\n<p>Tarifvertr\u00e4ge \u2013 Tarifverhandlungen<\/td>\n<td width=\"226\">2<\/td>\n<\/tr>\n<tr>\n<td width=\"417\">\u00a0\u00a0\u00a0 Ausbildungsvertrag und Ausbildungsordnung , \u00a0\u00a0\u00a0Lebenslanges Lernen<\/td>\n<td width=\"226\">2<\/td>\n<\/tr>\n<tr>\n<td width=\"417\"><u>Computer bestimmen die Arbeitswelt<\/u><\/p>\n<p>Die vernetzte Fabrik<\/p>\n<p>Neue Technologien \u2013 neue Aufgaben<\/p>\n<p>Lebenslanges Lernen<\/td>\n<td width=\"226\">5<\/td>\n<\/tr>\n<tr>\n<td width=\"417\">Bildungs- und Berufswege erkunden<\/td>\n<td width=\"226\">1<\/td>\n<\/tr>\n<tr>\n<td width=\"417\">Grenzenloser Arbeitsmarkt<\/td>\n<td width=\"226\">1<\/td>\n<\/tr>\n<tr>\n<td width=\"417\">10.Kl.<\/td>\n<td width=\"226\">Se.: 41 Tage<\/p>\n<p>&nbsp;<\/td>\n<\/tr>\n<tr>\n<td width=\"417\">&nbsp;<\/td>\n<td width=\"226\"><strong>Se.:<\/strong><strong>133 Tage<\/strong><\/p>\n<p>&nbsp;<\/td>\n<\/tr>\n<\/tbody>\n<\/table>\n<p>&nbsp;<\/p>\n<p>BO durch Sozialarbeiter<\/p>\n<p>Verst\u00e4rkte individuelle F\u00f6rderung (Diakonie, Vocatium), gezielte Einzelbewerbungen<\/p>\n<p>Berufsfelderkundung durch OKS<\/p>\n<p>Handwerkskammer Hildesheim\/S\u00fcdniedersachsen<\/p>\n<p><strong>\u00a0<\/strong><\/p>\n","protected":false},"excerpt":{"rendered":"<p>Berufsorientierung an der Schulrat-Habermalz-Schule (Zeitrahmen) &nbsp; Klasse 7 Tage Zukunftstag 1 Betriebserkundung in der Schulrat-Habermalz -Schule\u00a0 ( Mensa ) Vorbereitung, Durchf\u00fchrung, Nachbereitung 2 Arbeitsplatzerkundung in der Schulrat-Habermalz -Schule\u00a0 (Hausmeister, Sekret\u00e4rin,Lehrer usw.) Vorbereitung, Durchf\u00fchrung, Nachbereitung 2 Erstellung eines Berufswahlpassordners im Internet (Jump) 1 Einf\u00fchrung 1 Interessenerfassung &nbsp; Fachunterricht\u00a0 Wirtschaft &nbsp; \u00a0\u00a0\u00a0\u00a0 Arbeitnehmer 3 \u00a0\u00a0\u00a0\u00a0 Angestellte und &#8230; <a title=\"Berufsorientierung an der SHS (Zeitrahmen)\" class=\"read-more\" href=\"http:\/\/shs-alfeld.de\/?page_id=198\" aria-label=\"Mehr dazu unter Berufsorientierung an der SHS (Zeitrahmen)\">Weiterlesen<\/a><\/p>\n","protected":false},"author":1,"featured_media":0,"parent":194,"menu_order":1,"comment_status":"closed","ping_status":"closed","template":"","meta":[],"_links":{"self":[{"href":"http:\/\/shs-alfeld.de\/index.php?rest_route=\/wp\/v2\/pages\/198"}],"collection":[{"href":"http:\/\/shs-alfeld.de\/index.php?rest_route=\/wp\/v2\/pages"}],"about":[{"href":"http:\/\/shs-alfeld.de\/index.php?rest_route=\/wp\/v2\/types\/page"}],"author":[{"embeddable":true,"href":"http:\/\/shs-alfeld.de\/index.php?rest_route=\/wp\/v2\/users\/1"}],"replies":[{"embeddable":true,"href":"http:\/\/shs-alfeld.de\/index.php?rest_route=%2Fwp%2Fv2%2Fcomments&post=198"}],"version-history":[{"count":1,"href":"http:\/\/shs-alfeld.de\/index.php?rest_route=\/wp\/v2\/pages\/198\/revisions"}],"predecessor-version":[{"id":199,"href":"http:\/\/shs-alfeld.de\/index.php?rest_route=\/wp\/v2\/pages\/198\/revisions\/199"}],"up":[{"embeddable":true,"href":"http:\/\/shs-alfeld.de\/index.php?rest_route=\/wp\/v2\/pages\/194"}],"wp:attachment":[{"href":"http:\/\/shs-alfeld.de\/index.php?rest_route=%2Fwp%2Fv2%2Fmedia&parent=198"}],"curies":[{"name":"wp","href":"https:\/\/api.w.org\/{rel}","templated":true}]}}