{"id":194,"date":"2017-02-02T11:07:03","date_gmt":"2017-02-02T11:07:03","guid":{"rendered":"http:\/\/shs-alfeld.de\/?page_id=194"},"modified":"2017-02-02T11:14:17","modified_gmt":"2017-02-02T11:14:17","slug":"berufsvorbereitung","status":"publish","type":"page","link":"http:\/\/shs-alfeld.de\/?page_id=194","title":{"rendered":"Berufsvorbereitung"},"content":{"rendered":"<p>Die Berufsorientierung nimmt an der Schulrat- Habermalz- Schule eine wichtige Funktion ein.<\/p>\n<p>Einerseits nehmen <strong>s\u00e4mtliche <\/strong>Sch\u00fcler an einer Vielzahl von festgelegten Ma\u00dfnahmen teil, andererseits finden Veranstaltungen statt, die auf die individuellen Interessenlagen und Kompetenzen einer eingeschr\u00e4nkten Sch\u00fclerzahl zugeschnitten sind.<\/p>\n<p>Beispiele: \u00a0\u00a0\u00a0\u00a0\u00a0\u00a0\u00a0 Diakonisches Bildungszentrum\u00a0 &#8211; Ausbildung zu\u00a0 Altenpflegern &#8211;\u00a0 Berufsbildende Schulen Alfeld\u00a0\u00a0 &#8211; Informationsveranstaltung zu Handwerksberufen &#8211;\u00a0 Gezielte\u00a0 Einzelunterst\u00fctzung bei Bewerbungen<\/p>\n<p>Auf diese Weise kann st\u00e4rker auf die individuellen Belange eingegangen werden, was letztendlich zu einer j\u00e4hrlichen Ausbildungsquote von immerhin 30 \u2013 35%, in Einzelf\u00e4llen auch schon einmal von 40%\u00a0 der Schulabg\u00e4nger aus den neunten und zehnten Klassen f\u00fchrt.<\/p>\n<p>Weitere Informationen:<\/p>\n<p><a href=\"http:\/\/shs-alfeld.de\/?page_id=198\"><strong><u>Berufsorientierung an der Schulrat-Habermalz-Schule (Zeitrahmen)<\/u><\/strong><\/a><\/p>\n","protected":false},"excerpt":{"rendered":"<p>Die Berufsorientierung nimmt an der Schulrat- Habermalz- Schule eine wichtige Funktion ein. Einerseits nehmen s\u00e4mtliche Sch\u00fcler an einer Vielzahl von festgelegten Ma\u00dfnahmen teil, andererseits finden Veranstaltungen statt, die auf die individuellen Interessenlagen und Kompetenzen einer eingeschr\u00e4nkten Sch\u00fclerzahl zugeschnitten sind. Beispiele: \u00a0\u00a0\u00a0\u00a0\u00a0\u00a0\u00a0 Diakonisches Bildungszentrum\u00a0 &#8211; Ausbildung zu\u00a0 Altenpflegern &#8211;\u00a0 Berufsbildende Schulen Alfeld\u00a0\u00a0 &#8211; Informationsveranstaltung zu Handwerksberufen &#8230; <a title=\"Berufsvorbereitung\" class=\"read-more\" href=\"http:\/\/shs-alfeld.de\/?page_id=194\" aria-label=\"Mehr dazu unter Berufsvorbereitung\">Weiterlesen<\/a><\/p>\n","protected":false},"author":1,"featured_media":0,"parent":0,"menu_order":0,"comment_status":"closed","ping_status":"closed","template":"","meta":[],"_links":{"self":[{"href":"http:\/\/shs-alfeld.de\/index.php?rest_route=\/wp\/v2\/pages\/194"}],"collection":[{"href":"http:\/\/shs-alfeld.de\/index.php?rest_route=\/wp\/v2\/pages"}],"about":[{"href":"http:\/\/shs-alfeld.de\/index.php?rest_route=\/wp\/v2\/types\/page"}],"author":[{"embeddable":true,"href":"http:\/\/shs-alfeld.de\/index.php?rest_route=\/wp\/v2\/users\/1"}],"replies":[{"embeddable":true,"href":"http:\/\/shs-alfeld.de\/index.php?rest_route=%2Fwp%2Fv2%2Fcomments&post=194"}],"version-history":[{"count":4,"href":"http:\/\/shs-alfeld.de\/index.php?rest_route=\/wp\/v2\/pages\/194\/revisions"}],"predecessor-version":[{"id":200,"href":"http:\/\/shs-alfeld.de\/index.php?rest_route=\/wp\/v2\/pages\/194\/revisions\/200"}],"wp:attachment":[{"href":"http:\/\/shs-alfeld.de\/index.php?rest_route=%2Fwp%2Fv2%2Fmedia&parent=194"}],"curies":[{"name":"wp","href":"https:\/\/api.w.org\/{rel}","templated":true}]}}