{"id":156,"date":"2016-06-03T11:18:51","date_gmt":"2016-06-03T11:18:51","guid":{"rendered":"http:\/\/shs-alfeld.de\/?page_id=156"},"modified":"2018-06-11T08:09:37","modified_gmt":"2018-06-11T08:09:37","slug":"sprachlernklassen","status":"publish","type":"page","link":"http:\/\/shs-alfeld.de\/?page_id=156","title":{"rendered":"Sprachlernklassen"},"content":{"rendered":"<p><strong>Sprachlernklassen<\/strong><\/p>\n<p>In den R\u00e4umen der Schulrat-Habermalz-Schule existiert fortlaufend eine Sprachlernklasse, die von erfahrenen Fachkr\u00e4ften geleitet wird. Dort lernen die Sch\u00fcler in erster Linie die deutsche Sprache, d.h. einen Eingangszeitraum verbringen sie ausschlie\u00dflich in diesen Lerngruppen. So fr\u00fch wie m\u00f6glich beginnen sie jedoch an den anderen F\u00e4chern in den Regelklassen teilzunehmen. Das beginnt oft mit Sport, Englisch, Kunst und Mathematik, sodass sie nach und nach (auch stundenweise) in die anderen Klassen wechseln und sich auf den Schulabschluss vorbereiten k\u00f6nnen.<\/p>\n<p>In diesem Zusammenhang besteht eine enge Kooperation zwischen den drei Schulformen, sodass die SuS gegebenenfalls auch an die Realschule oder das Gymnasium wechseln k\u00f6nnen, bzw. am dortigen Fachunterricht teilnehmen k\u00f6nnen. Durch die r\u00e4umliche N\u00e4he gestaltet sich dies unproblematisch.<\/p>\n<p>Aufnehmen d\u00fcrfen wir alle jungen Menschen ohne Schulabschluss.<\/p>\n<p>Durch dieses System k\u00f6nnen jederzeit neue SuS mit ausl\u00e4ndischen Wurzeln aufgenommen werden.<\/p>\n<p><strong>Welcome classes<\/strong><\/p>\n<p>There is a always a welcome class in Schulrat-Habermalz-Schule in which experienced teachers coach the pupils. The German language has priority, i.e. a start-up period will be spent entirely in this class. As soon as possible they start participating in other school subjects in general classes. This development often starts with physical education, English, Art and mathematics, so that the pupils change for some hours into other classes in order to prepare their final examinations.<\/p>\n<p>In this respect we maintain a tight co-operation between the three school forms in Alfeld, so that the pupils can also attend classes in the Carl-Benscheidt-Realschule or the Alfelder Gymnasium. As the buildings lie near to each other this is easily done.<\/p>\n<p>All young people without final exams can be accepted.<\/p>\n<p>This system offers the chance to accept new pupils with foreign background\u00a0 at any time.<\/p>\n","protected":false},"excerpt":{"rendered":"<p>Sprachlernklassen In den R\u00e4umen der Schulrat-Habermalz-Schule existiert fortlaufend eine Sprachlernklasse, die von erfahrenen Fachkr\u00e4ften geleitet wird. Dort lernen die Sch\u00fcler in erster Linie die deutsche Sprache, d.h. einen Eingangszeitraum verbringen sie ausschlie\u00dflich in diesen Lerngruppen. So fr\u00fch wie m\u00f6glich beginnen sie jedoch an den anderen F\u00e4chern in den Regelklassen teilzunehmen. Das beginnt oft mit Sport, &#8230; <a title=\"Sprachlernklassen\" class=\"read-more\" href=\"http:\/\/shs-alfeld.de\/?page_id=156\" aria-label=\"Mehr dazu unter Sprachlernklassen\">Weiterlesen<\/a><\/p>\n","protected":false},"author":1,"featured_media":0,"parent":10,"menu_order":6,"comment_status":"closed","ping_status":"closed","template":"","meta":[],"_links":{"self":[{"href":"http:\/\/shs-alfeld.de\/index.php?rest_route=\/wp\/v2\/pages\/156"}],"collection":[{"href":"http:\/\/shs-alfeld.de\/index.php?rest_route=\/wp\/v2\/pages"}],"about":[{"href":"http:\/\/shs-alfeld.de\/index.php?rest_route=\/wp\/v2\/types\/page"}],"author":[{"embeddable":true,"href":"http:\/\/shs-alfeld.de\/index.php?rest_route=\/wp\/v2\/users\/1"}],"replies":[{"embeddable":true,"href":"http:\/\/shs-alfeld.de\/index.php?rest_route=%2Fwp%2Fv2%2Fcomments&post=156"}],"version-history":[{"count":4,"href":"http:\/\/shs-alfeld.de\/index.php?rest_route=\/wp\/v2\/pages\/156\/revisions"}],"predecessor-version":[{"id":781,"href":"http:\/\/shs-alfeld.de\/index.php?rest_route=\/wp\/v2\/pages\/156\/revisions\/781"}],"up":[{"embeddable":true,"href":"http:\/\/shs-alfeld.de\/index.php?rest_route=\/wp\/v2\/pages\/10"}],"wp:attachment":[{"href":"http:\/\/shs-alfeld.de\/index.php?rest_route=%2Fwp%2Fv2%2Fmedia&parent=156"}],"curies":[{"name":"wp","href":"https:\/\/api.w.org\/{rel}","templated":true}]}}