{"id":132,"date":"2015-12-03T10:02:09","date_gmt":"2015-12-03T10:02:09","guid":{"rendered":"http:\/\/shs-alfeld.de\/?page_id=132"},"modified":"2015-12-03T10:09:54","modified_gmt":"2015-12-03T10:09:54","slug":"musikprojekte-an-der-shs","status":"publish","type":"page","link":"http:\/\/shs-alfeld.de\/?page_id=132","title":{"rendered":"Musikprojekte an der SHS"},"content":{"rendered":"<p>So fing alles an (2005): In der Video-AG \u2018wIRdREHENdURCH\u2019 wollten zwei M\u00e4dchen \u2018S\u00e4ngerinnen\u2019 spielen. Schulsozialarbeiter Dieter Knoop (Leiter verschiedener Nachmittags-AG\u2019s) brachte seine Gitarre mit und pl\u00f6tzlich war eine neue Idee da: \u2018Wir gr\u00fcnden eine Schulband\u2019. \u00dcbungsraum bekommen, Instrumente gekauft (Danke an die Stadt Alfeld f\u00fcr die langj\u00e4hrige und andauernde finanzielle Unterst\u00fctzung), Lieder ausgesucht und ausprobiert, und dann wurde die erste Schulband der Schulrat-Habermalz-Schule \u2018<strong>BLACK PEARL\u2019 <\/strong>geboren.<\/p>\n<p>Ein halbes Jahr sp\u00e4ter nahm die Band mit Eddy Wegener (Jugendpflege der Stadt Alfeld) eine Demo auf und bewarb sich zur Teilnahme am \u2018Blaupunkt-Contest\u2019 in Hildesheim (Bosch-Blaupunkt). Zur gro\u00dfen \u00dcberraschung wurde <strong>\u201aBlack Pearl\u2019<\/strong> Zweiter in der Klasse \u201aNewcomer\u2018. Der erste Auftritt vor viel Publikum war eine riesige Erfahrung f\u00fcr alle und hat riesigen Spa\u00df gemacht &#8211; <u>www.blackpearl.jimdo.com<\/u> (Archiv). Auftritte: Schulabschl\u00fcsse, Bosch-Blaupunkt-Contest, Grundschule Limmer &#8211; Jubil\u00e4um, Benefiz-Tschernobyl, Alfeld-Sports.<\/p>\n<p>Der Nachwuchs lie\u00df sich von der Welle mitrei\u00dfen und arbeitete hart (zwei Nachmittagsangebote) an der zweiten Schulband \u201a<strong>FINAL LAP\u2018<\/strong> &#8211; <u><a href=\"http:\/\/www.finallap.jimdo.com\">www.finallap.jimdo.com<\/a><\/u> (Archiv). Auftritte: Schulabschl\u00fcsse, Alfeld-Sports, Cafe \u201aLife\u2018.<\/p>\n<p>Seit ca. zwei Jahren gibt es drei Band-Projekte am Nachmittag und die aktuelle (dritte) Schulband hei\u00dft <strong>\u201aSCREAM SHEEP\u2018<\/strong>. Die Fotos sind vom Auftritt bei der 50-Jahr-Feier der Erich-K\u00e4stner-Schule. Mitgemacht haben (incl. Nachwuchs): Melly, Joyce, Robin, Pascal, Danni, Kira, Gina, Niklas, Fabian, Nico, Timo.<\/p>\n","protected":false},"excerpt":{"rendered":"<p>So fing alles an (2005): In der Video-AG \u2018wIRdREHENdURCH\u2019 wollten zwei M\u00e4dchen \u2018S\u00e4ngerinnen\u2019 spielen. Schulsozialarbeiter Dieter Knoop (Leiter verschiedener Nachmittags-AG\u2019s) brachte seine Gitarre mit und pl\u00f6tzlich war eine neue Idee da: \u2018Wir gr\u00fcnden eine Schulband\u2019. \u00dcbungsraum bekommen, Instrumente gekauft (Danke an die Stadt Alfeld f\u00fcr die langj\u00e4hrige und andauernde finanzielle Unterst\u00fctzung), Lieder ausgesucht und ausprobiert, &#8230; <a title=\"Musikprojekte an der SHS\" class=\"read-more\" href=\"http:\/\/shs-alfeld.de\/?page_id=132\" aria-label=\"Mehr dazu unter Musikprojekte an der SHS\">Weiterlesen<\/a><\/p>\n","protected":false},"author":1,"featured_media":0,"parent":16,"menu_order":3,"comment_status":"closed","ping_status":"closed","template":"","meta":[],"_links":{"self":[{"href":"http:\/\/shs-alfeld.de\/index.php?rest_route=\/wp\/v2\/pages\/132"}],"collection":[{"href":"http:\/\/shs-alfeld.de\/index.php?rest_route=\/wp\/v2\/pages"}],"about":[{"href":"http:\/\/shs-alfeld.de\/index.php?rest_route=\/wp\/v2\/types\/page"}],"author":[{"embeddable":true,"href":"http:\/\/shs-alfeld.de\/index.php?rest_route=\/wp\/v2\/users\/1"}],"replies":[{"embeddable":true,"href":"http:\/\/shs-alfeld.de\/index.php?rest_route=%2Fwp%2Fv2%2Fcomments&post=132"}],"version-history":[{"count":2,"href":"http:\/\/shs-alfeld.de\/index.php?rest_route=\/wp\/v2\/pages\/132\/revisions"}],"predecessor-version":[{"id":135,"href":"http:\/\/shs-alfeld.de\/index.php?rest_route=\/wp\/v2\/pages\/132\/revisions\/135"}],"up":[{"embeddable":true,"href":"http:\/\/shs-alfeld.de\/index.php?rest_route=\/wp\/v2\/pages\/16"}],"wp:attachment":[{"href":"http:\/\/shs-alfeld.de\/index.php?rest_route=%2Fwp%2Fv2%2Fmedia&parent=132"}],"curies":[{"name":"wp","href":"https:\/\/api.w.org\/{rel}","templated":true}]}}