{"id":123,"date":"2015-12-03T09:49:51","date_gmt":"2015-12-03T09:49:51","guid":{"rendered":"http:\/\/shs-alfeld.de\/?page_id=123"},"modified":"2015-12-03T09:49:51","modified_gmt":"2015-12-03T09:49:51","slug":"lions-quest-erwachsen-werden","status":"publish","type":"page","link":"http:\/\/shs-alfeld.de\/?page_id=123","title":{"rendered":"Lions Quest \u201eErwachsen werden\u201c"},"content":{"rendered":"<p><strong>Welche Werte m\u00f6chte \u201eErwachsen werden\u201c vermitteln? <\/strong><\/p>\n<ol>\n<li>Eine realistische Selbsteinsch\u00e4tzung und die F\u00e4higkeit zu reflektieren.<\/li>\n<li>Die Entscheidung f\u00fcr ein Leben ohne Sucht und f\u00fcr einen ma\u00dfvollen, kontrollierten Umgang mit legalen Genussmitteln.<\/li>\n<li>Toleranz und Achtung vor anderen Menschen.<\/li>\n<li>Verantwortung \u00fcbernehmen.<\/li>\n<li>Verl\u00e4sslichkeit und Diskretion.<\/li>\n<li>Soziale Integration und soziales Engagement.<\/li>\n<\/ol>\n<p>&nbsp;<\/p>\n<p><strong>Welche Ziele verfolgt das Programm \u201eErwachsen werden\u201c?<\/strong><\/p>\n<ol>\n<li><u>F\u00f6rderung und Entwicklung der sozialen und kommunikativen Kompetenz<\/u><\/li>\n<\/ol>\n<ul>\n<li>Konstruktives, positives Sozialverhalten entwickeln.<\/li>\n<li>Bewusster und angemessener Umgang mit eigenen und fremden (Empathie) Gef\u00fchlen.<\/li>\n<li>F\u00e4higkeit zur Solidarit\u00e4t mit Andersdenkenden und Menschen fremder Kulturen, um die Beziehungen untereinander zu st\u00e4rken (Stichwort: Multikulturelle Gesellschaft).<\/li>\n<\/ul>\n<ol start=\"2\">\n<li><u>Die F\u00e4higkeit f\u00f6rdern, eigene Entscheidungen zu treffen und umzusetzen<\/u><\/li>\n<\/ol>\n<ul>\n<li>Selbstvertrauen und Selbstwertgef\u00fchl durch Bewusstmachung und Anerkennung der pers\u00f6nlichen Qualit\u00e4ten st\u00e4rken.<\/li>\n<li>Eigene Werte, Normen und Ziele finden und sich mit vorgesetzten Normen kritisch auseinander setzen.<\/li>\n<\/ul>\n<p><u>\u00a0<\/u><\/p>\n<ol start=\"3\">\n<li><u>Konflikt- und Risikosituationen im Alltag reflektiert begegnen, um f\u00fcr Probleme positive L\u00f6sungen zu finden<\/u><\/li>\n<\/ol>\n<ul>\n<li>Kritikf\u00e4higkeit sich selbst und anderen gegen\u00fcber f\u00f6rdern, um Gruppendruck leichter widerstehen zu k\u00f6nnen.<\/li>\n<li>\u00dcber Suchtmittel informiert sein und Pers\u00f6nlichkeit so st\u00e4rken, dass man den Versuchungen leichter widerstehen kann.<\/li>\n<\/ul>\n","protected":false},"excerpt":{"rendered":"<p>Welche Werte m\u00f6chte \u201eErwachsen werden\u201c vermitteln? Eine realistische Selbsteinsch\u00e4tzung und die F\u00e4higkeit zu reflektieren. Die Entscheidung f\u00fcr ein Leben ohne Sucht und f\u00fcr einen ma\u00dfvollen, kontrollierten Umgang mit legalen Genussmitteln. Toleranz und Achtung vor anderen Menschen. Verantwortung \u00fcbernehmen. Verl\u00e4sslichkeit und Diskretion. Soziale Integration und soziales Engagement. &nbsp; Welche Ziele verfolgt das Programm \u201eErwachsen werden\u201c? F\u00f6rderung &#8230; <a title=\"Lions Quest \u201eErwachsen werden\u201c\" class=\"read-more\" href=\"http:\/\/shs-alfeld.de\/?page_id=123\" aria-label=\"Mehr dazu unter Lions Quest \u201eErwachsen werden\u201c\">Weiterlesen<\/a><\/p>\n","protected":false},"author":1,"featured_media":0,"parent":16,"menu_order":2,"comment_status":"closed","ping_status":"closed","template":"","meta":[],"_links":{"self":[{"href":"http:\/\/shs-alfeld.de\/index.php?rest_route=\/wp\/v2\/pages\/123"}],"collection":[{"href":"http:\/\/shs-alfeld.de\/index.php?rest_route=\/wp\/v2\/pages"}],"about":[{"href":"http:\/\/shs-alfeld.de\/index.php?rest_route=\/wp\/v2\/types\/page"}],"author":[{"embeddable":true,"href":"http:\/\/shs-alfeld.de\/index.php?rest_route=\/wp\/v2\/users\/1"}],"replies":[{"embeddable":true,"href":"http:\/\/shs-alfeld.de\/index.php?rest_route=%2Fwp%2Fv2%2Fcomments&post=123"}],"version-history":[{"count":1,"href":"http:\/\/shs-alfeld.de\/index.php?rest_route=\/wp\/v2\/pages\/123\/revisions"}],"predecessor-version":[{"id":124,"href":"http:\/\/shs-alfeld.de\/index.php?rest_route=\/wp\/v2\/pages\/123\/revisions\/124"}],"up":[{"embeddable":true,"href":"http:\/\/shs-alfeld.de\/index.php?rest_route=\/wp\/v2\/pages\/16"}],"wp:attachment":[{"href":"http:\/\/shs-alfeld.de\/index.php?rest_route=%2Fwp%2Fv2%2Fmedia&parent=123"}],"curies":[{"name":"wp","href":"https:\/\/api.w.org\/{rel}","templated":true}]}}