{"id":113,"date":"2015-12-03T09:32:16","date_gmt":"2015-12-03T09:32:16","guid":{"rendered":"http:\/\/shs-alfeld.de\/?page_id=113"},"modified":"2015-12-03T09:33:25","modified_gmt":"2015-12-03T09:33:25","slug":"richtfest-brotbackofen","status":"publish","type":"page","link":"http:\/\/shs-alfeld.de\/?page_id=113","title":{"rendered":"Richtfest Brotbackofen"},"content":{"rendered":"<p>Seit Juli 2013 kann auf dem Osthof unserer Schule Brot und Pizza gebacken werden. Brunhilde Heinrich spendete den Ofen, als sie von Marienhagen nach Alfeld umzog. Andreas Stoll baute ihn wieder auf. Dank der Werkstatt des Seniorenb\u00fcros entstand eine Schutzh\u00fctte, die den Ofen vor Frost sch\u00fctzen soll. Hans Krohn \u00fcbernahm die Projektleitung. Wilhelm Bock hatte die Pl\u00e4ne entworfen. Die Vorarbeiten begannen bereits Anfang des Jahres. Das Lerchenholz, aus dem die H\u00fctte gebaut wurde, muss hinten noch feuerfest verkleidet werden. Sobald der Schornstein verl\u00e4ngert ist, ist die H\u00fctte fertig.<\/p>\n<p><a href=\"http:\/\/shs-alfeld.de\/wp-content\/uploads\/2015\/12\/P1010170.jpg\"><img decoding=\"async\" loading=\"lazy\" class=\"alignnone size-medium wp-image-114\" src=\"http:\/\/shs-alfeld.de\/wp-content\/uploads\/2015\/12\/P1010170-300x225.jpg\" alt=\"P1010170\" width=\"300\" height=\"225\" srcset=\"http:\/\/shs-alfeld.de\/wp-content\/uploads\/2015\/12\/P1010170-300x225.jpg 300w, http:\/\/shs-alfeld.de\/wp-content\/uploads\/2015\/12\/P1010170-1024x768.jpg 1024w\" sizes=\"(max-width: 300px) 100vw, 300px\" \/><\/a> <a href=\"http:\/\/shs-alfeld.de\/wp-content\/uploads\/2015\/12\/P1010173.jpg\"><img decoding=\"async\" loading=\"lazy\" class=\"alignnone size-medium wp-image-115\" src=\"http:\/\/shs-alfeld.de\/wp-content\/uploads\/2015\/12\/P1010173-300x225.jpg\" alt=\"P1010173\" width=\"300\" height=\"225\" srcset=\"http:\/\/shs-alfeld.de\/wp-content\/uploads\/2015\/12\/P1010173-300x225.jpg 300w, http:\/\/shs-alfeld.de\/wp-content\/uploads\/2015\/12\/P1010173-1024x768.jpg 1024w\" sizes=\"(max-width: 300px) 100vw, 300px\" \/><\/a><\/p>\n","protected":false},"excerpt":{"rendered":"<p>Seit Juli 2013 kann auf dem Osthof unserer Schule Brot und Pizza gebacken werden. Brunhilde Heinrich spendete den Ofen, als sie von Marienhagen nach Alfeld umzog. Andreas Stoll baute ihn wieder auf. Dank der Werkstatt des Seniorenb\u00fcros entstand eine Schutzh\u00fctte, die den Ofen vor Frost sch\u00fctzen soll. Hans Krohn \u00fcbernahm die Projektleitung. Wilhelm Bock hatte &#8230; <a title=\"Richtfest Brotbackofen\" class=\"read-more\" href=\"http:\/\/shs-alfeld.de\/?page_id=113\" aria-label=\"Mehr dazu unter Richtfest Brotbackofen\">Weiterlesen<\/a><\/p>\n","protected":false},"author":1,"featured_media":0,"parent":16,"menu_order":1,"comment_status":"closed","ping_status":"closed","template":"","meta":[],"_links":{"self":[{"href":"http:\/\/shs-alfeld.de\/index.php?rest_route=\/wp\/v2\/pages\/113"}],"collection":[{"href":"http:\/\/shs-alfeld.de\/index.php?rest_route=\/wp\/v2\/pages"}],"about":[{"href":"http:\/\/shs-alfeld.de\/index.php?rest_route=\/wp\/v2\/types\/page"}],"author":[{"embeddable":true,"href":"http:\/\/shs-alfeld.de\/index.php?rest_route=\/wp\/v2\/users\/1"}],"replies":[{"embeddable":true,"href":"http:\/\/shs-alfeld.de\/index.php?rest_route=%2Fwp%2Fv2%2Fcomments&post=113"}],"version-history":[{"count":1,"href":"http:\/\/shs-alfeld.de\/index.php?rest_route=\/wp\/v2\/pages\/113\/revisions"}],"predecessor-version":[{"id":116,"href":"http:\/\/shs-alfeld.de\/index.php?rest_route=\/wp\/v2\/pages\/113\/revisions\/116"}],"up":[{"embeddable":true,"href":"http:\/\/shs-alfeld.de\/index.php?rest_route=\/wp\/v2\/pages\/16"}],"wp:attachment":[{"href":"http:\/\/shs-alfeld.de\/index.php?rest_route=%2Fwp%2Fv2%2Fmedia&parent=113"}],"curies":[{"name":"wp","href":"https:\/\/api.w.org\/{rel}","templated":true}]}}