{"id":10,"date":"2015-07-01T14:18:25","date_gmt":"2015-07-01T14:18:25","guid":{"rendered":"http:\/\/shs-alfeld.de\/?page_id=10"},"modified":"2024-04-29T09:58:47","modified_gmt":"2024-04-29T09:58:47","slug":"ueber-uns","status":"publish","type":"page","link":"http:\/\/shs-alfeld.de\/?page_id=10","title":{"rendered":"\u00dcber uns"},"content":{"rendered":"<h2><strong>Kontakt:<\/strong><\/h2>\n<p>Schulrat-Habermalz-Schule Alfeld<\/p>\n<p>Kalandstra\u00dfe 19<br \/>\n31061 Alfeld<br \/>\nTelefon: 05181-91150<br \/>\nFax: 05181-911522<br \/>\nMail: shs-alfeld@portal-shs.de<\/p>\n<p>Internet: www.shs-alfeld.de<\/p>\n<h2><strong>\u00a0Wir sind f\u00fcr Sie da!<\/strong><\/h2>\n<p>Sekretariat Frau Kuschfeldt: \u00a0 \u00a0 \u00a0 \u00a0\u00a0 \u00a0 \u00a0 \u00a0\u00a0\u00a0\u00a0\u00a0\u00a0\u00a0\u00a0 Montag &#8211; Freitag von 7:30 Uhr bis 14:30 Uhr<br \/>\nHausmeister Herr Hausmann: \u00a0\u00a0 \u00a0\u00a0\u00a0\u00a0\u00a0\u00a0\u00a0\u00a0\u00a0\u00a0\u00a0\u00a0\u00a0\u00a0\u00a0 Montag &#8211; Freitag von 7:00 Uhr bis 15:00 Uhr<br \/>\n&#8230; und nat\u00fcrlich nach Vereinbarung!<\/p>\n<h2><strong>Klassen:<\/strong><\/h2>\n<p>13 Klassen in den Jahrg\u00e4ngen 5-10, dazu 2 Sprachlernklassen<br \/>\nKlassengr\u00f6\u00dfe: ca. 20 Sch\u00fclerinnen und Sch\u00fcler pro Klasse<br \/>\nAnzahl Sch\u00fclerinnen und Sch\u00fcler: 240<br \/>\nAnzahl Lehrkr\u00e4fte: 25<\/p>\n<h2><strong>Abschl\u00fcsse:<\/strong><\/h2>\n<ul>\n<li>Hauptschulabschluss nach 9<\/li>\n<li>Hauptschulabschluss nach 10<\/li>\n<li>Realschulabschluss nach 10<\/li>\n<li>erweiterter Realschulabschluss nach 10<\/li>\n<\/ul>\n<h2><strong>Unterrichtszeiten:<\/strong><\/h2>\n<ol>\n<li>7.50 \u2013 8.35 Uhr<\/li>\n<li>8.35 \u2013 9.20 Uhr<\/li>\n<li>9.40 \u2013 10.25 Uhr<\/li>\n<li>10.25 \u2013 11.10 Uhr<\/li>\n<li>11.30 \u2013 12.15 Uhr<\/li>\n<li>12.20 \u2013 13.05 Uhr<\/li>\n<\/ol>\n<p>Mittagspause<\/p>\n<ol start=\"7\">\n<li>13.30 \u2013 14.15 Uhr<\/li>\n<li>14.20 \u2013 15.05 Uhr<\/li>\n<\/ol>\n<p>Hier k\u00f6nnen Sie direkt ein<\/p>\n<p><a style=\"color: #ffffff; background: #00579d none; display: inline-block; padding: 10px; text-decoration: none; font-family: arial; font-size: 16px; min-width: 220px; text-align: center;\" title=\"Jetzt ein Schlie\u00dffach an dieser Schule mieten\" href=\"https:\/\/www.astradirect.de\/sfmiet.html?city=Alfeld&amp;schoolId=4961\">Schlie\u00dffach mieten<\/a><\/p>\n","protected":false},"excerpt":{"rendered":"<p>Kontakt: Schulrat-Habermalz-Schule Alfeld Kalandstra\u00dfe 19 31061 Alfeld Telefon: 05181-91150 Fax: 05181-911522 Mail: shs-alfeld@portal-shs.de Internet: www.shs-alfeld.de \u00a0Wir sind f\u00fcr Sie da! Sekretariat Frau Kuschfeldt: \u00a0 \u00a0 \u00a0 \u00a0\u00a0 \u00a0 \u00a0 \u00a0\u00a0\u00a0\u00a0\u00a0\u00a0\u00a0\u00a0 Montag &#8211; Freitag von 7:30 Uhr bis 14:30 Uhr Hausmeister Herr Hausmann: \u00a0\u00a0 \u00a0\u00a0\u00a0\u00a0\u00a0\u00a0\u00a0\u00a0\u00a0\u00a0\u00a0\u00a0\u00a0\u00a0\u00a0 Montag &#8211; Freitag von 7:00 Uhr bis 15:00 Uhr &#8230; und &#8230; <a title=\"\u00dcber uns\" class=\"read-more\" href=\"http:\/\/shs-alfeld.de\/?page_id=10\" aria-label=\"Mehr dazu unter \u00dcber uns\">Weiterlesen<\/a><\/p>\n","protected":false},"author":1,"featured_media":0,"parent":0,"menu_order":0,"comment_status":"closed","ping_status":"closed","template":"","meta":[],"_links":{"self":[{"href":"http:\/\/shs-alfeld.de\/index.php?rest_route=\/wp\/v2\/pages\/10"}],"collection":[{"href":"http:\/\/shs-alfeld.de\/index.php?rest_route=\/wp\/v2\/pages"}],"about":[{"href":"http:\/\/shs-alfeld.de\/index.php?rest_route=\/wp\/v2\/types\/page"}],"author":[{"embeddable":true,"href":"http:\/\/shs-alfeld.de\/index.php?rest_route=\/wp\/v2\/users\/1"}],"replies":[{"embeddable":true,"href":"http:\/\/shs-alfeld.de\/index.php?rest_route=%2Fwp%2Fv2%2Fcomments&post=10"}],"version-history":[{"count":18,"href":"http:\/\/shs-alfeld.de\/index.php?rest_route=\/wp\/v2\/pages\/10\/revisions"}],"predecessor-version":[{"id":1460,"href":"http:\/\/shs-alfeld.de\/index.php?rest_route=\/wp\/v2\/pages\/10\/revisions\/1460"}],"wp:attachment":[{"href":"http:\/\/shs-alfeld.de\/index.php?rest_route=%2Fwp%2Fv2%2Fmedia&parent=10"}],"curies":[{"name":"wp","href":"https:\/\/api.w.org\/{rel}","templated":true}]}}